{"id":2005,"date":"2022-11-29T14:38:23","date_gmt":"2022-11-29T19:38:23","guid":{"rendered":"https:\/\/nobazul.com\/merci\/"},"modified":"2025-08-15T13:00:07","modified_gmt":"2025-08-15T18:00:07","slug":"merci","status":"publish","type":"page","link":"https:\/\/nobazul.com\/fr\/merci\/","title":{"rendered":"Merci"},"content":{"rendered":"[vc_row type=\u00a0\u00bbfull_width_background\u00a0\u00bb full_screen_row_position=\u00a0\u00bbmiddle\u00a0\u00bb column_margin=\u00a0\u00bbdefault\u00a0\u00bb equal_height=\u00a0\u00bbyes\u00a0\u00bb content_placement=\u00a0\u00bbmiddle\u00a0\u00bb column_direction=\u00a0\u00bbdefault\u00a0\u00bb column_direction_tablet=\u00a0\u00bbdefault\u00a0\u00bb column_direction_phone=\u00a0\u00bbdefault\u00a0\u00bb bg_image=\u00a0\u00bb5374&Prime; bg_position=\u00a0\u00bbright center\u00a0\u00bb background_image_loading=\u00a0\u00bbdefault\u00a0\u00bb bg_repeat=\u00a0\u00bbno-repeat\u00a0\u00bb full_height=\u00a0\u00bbyes\u00a0\u00bb scene_position=\u00a0\u00bbcenter\u00a0\u00bb text_color=\u00a0\u00bbdark\u00a0\u00bb text_align=\u00a0\u00bbleft\u00a0\u00bb row_border_radius=\u00a0\u00bbnone\u00a0\u00bb row_border_radius_applies=\u00a0\u00bbbg\u00a0\u00bb overflow=\u00a0\u00bbvisible\u00a0\u00bb class=\u00a0\u00bbrow-thanks\u00a0\u00bb overlay_strength=\u00a0\u00bb0.3&Prime; gradient_direction=\u00a0\u00bbleft_to_right\u00a0\u00bb shape_divider_position=\u00a0\u00bbbottom\u00a0\u00bb bg_image_animation=\u00a0\u00bbnone\u00a0\u00bb gradient_type=\u00a0\u00bbdefault\u00a0\u00bb shape_type=\u00a0\u00bb\u00a0\u00bb][vc_column column_padding=\u00a0\u00bbno-extra-padding\u00a0\u00bb column_padding_tablet=\u00a0\u00bbinherit\u00a0\u00bb column_padding_phone=\u00a0\u00bbinherit\u00a0\u00bb column_padding_position=\u00a0\u00bball\u00a0\u00bb column_element_direction_desktop=\u00a0\u00bbdefault\u00a0\u00bb column_element_spacing=\u00a0\u00bbdefault\u00a0\u00bb desktop_text_alignment=\u00a0\u00bbdefault\u00a0\u00bb tablet_text_alignment=\u00a0\u00bbdefault\u00a0\u00bb phone_text_alignment=\u00a0\u00bbdefault\u00a0\u00bb background_color_opacity=\u00a0\u00bb1&Prime; background_hover_color_opacity=\u00a0\u00bb1&Prime; column_backdrop_filter=\u00a0\u00bbnone\u00a0\u00bb column_shadow=\u00a0\u00bbnone\u00a0\u00bb column_border_radius=\u00a0\u00bbnone\u00a0\u00bb column_link_target=\u00a0\u00bb_self\u00a0\u00bb column_position=\u00a0\u00bbdefault\u00a0\u00bb gradient_direction=\u00a0\u00bbleft_to_right\u00a0\u00bb overlay_strength=\u00a0\u00bb0.3&Prime; width=\u00a0\u00bb2\/3&Prime; tablet_width_inherit=\u00a0\u00bbdefault\u00a0\u00bb animation_type=\u00a0\u00bbdefault\u00a0\u00bb bg_image_animation=\u00a0\u00bbnone\u00a0\u00bb border_type=\u00a0\u00bbsimple\u00a0\u00bb column_border_width=\u00a0\u00bbnone\u00a0\u00bb column_border_style=\u00a0\u00bbsolid\u00a0\u00bb][vc_column_text]\n<h1>R\u00e9pandons la noblesse de l&rsquo;agave dans le monde entier !<\/h1>\n<p>Merci de nous avoir contact\u00e9s ; nous avons bien re\u00e7u votre inscription.<br \/>\nNous donnerons suite \u00e0 votre demande sous peu.<\/p>\n<p>Merci de l&rsquo;int\u00e9r\u00eat que vous portez \u00e0 nos aliments d\u00e9riv\u00e9s de l&rsquo;agave.[\/vc_column_text][\/vc_column][vc_column column_padding=\u00a0\u00bbno-extra-padding\u00a0\u00bb column_padding_tablet=\u00a0\u00bbinherit\u00a0\u00bb column_padding_phone=\u00a0\u00bbinherit\u00a0\u00bb column_padding_position=\u00a0\u00bball\u00a0\u00bb column_element_direction_desktop=\u00a0\u00bbdefault\u00a0\u00bb column_element_spacing=\u00a0\u00bbdefault\u00a0\u00bb desktop_text_alignment=\u00a0\u00bbdefault\u00a0\u00bb tablet_text_alignment=\u00a0\u00bbdefault\u00a0\u00bb phone_text_alignment=\u00a0\u00bbdefault\u00a0\u00bb background_color_opacity=\u00a0\u00bb1&Prime; background_hover_color_opacity=\u00a0\u00bb1&Prime; column_backdrop_filter=\u00a0\u00bbnone\u00a0\u00bb column_shadow=\u00a0\u00bbnone\u00a0\u00bb column_border_radius=\u00a0\u00bbnone\u00a0\u00bb column_link_target=\u00a0\u00bb_self\u00a0\u00bb column_position=\u00a0\u00bbdefault\u00a0\u00bb gradient_direction=\u00a0\u00bbleft_to_right\u00a0\u00bb overlay_strength=\u00a0\u00bb0.3&Prime; width=\u00a0\u00bb1\/3&Prime; tablet_width_inherit=\u00a0\u00bbdefault\u00a0\u00bb animation_type=\u00a0\u00bbdefault\u00a0\u00bb bg_image_animation=\u00a0\u00bbnone\u00a0\u00bb border_type=\u00a0\u00bbsimple\u00a0\u00bb column_border_width=\u00a0\u00bbnone\u00a0\u00bb column_border_style=\u00a0\u00bbsolid\u00a0\u00bb][\/vc_column][\/vc_row]\n","protected":false},"excerpt":{"rendered":"<p>[vc_row type=\u00a0\u00bbfull_width_background\u00a0\u00bb full_screen_row_position=\u00a0\u00bbmiddle\u00a0\u00bb column_margin=\u00a0\u00bbdefault\u00a0\u00bb equal_height=\u00a0\u00bbyes\u00a0\u00bb content_placement=\u00a0\u00bbmiddle\u00a0\u00bb column_direction=\u00a0\u00bbdefault\u00a0\u00bb column_direction_tablet=\u00a0\u00bbdefault\u00a0\u00bb column_direction_phone=\u00a0\u00bbdefault\u00a0\u00bb bg_image=\u00a0\u00bb5374&Prime; bg_position=\u00a0\u00bbright center\u00a0\u00bb background_image_loading=\u00a0\u00bbdefault\u00a0\u00bb bg_repeat=\u00a0\u00bbno-repeat\u00a0\u00bb full_height=\u00a0\u00bbyes\u00a0\u00bb scene_position=\u00a0\u00bbcenter\u00a0\u00bb text_color=\u00a0\u00bbdark\u00a0\u00bb text_align=\u00a0\u00bbleft\u00a0\u00bb row_border_radius=\u00a0\u00bbnone\u00a0\u00bb row_border_radius_applies=\u00a0\u00bbbg\u00a0\u00bb overflow=\u00a0\u00bbvisible\u00a0\u00bb class=\u00a0\u00bbrow-thanks\u00a0\u00bb overlay_strength=\u00a0\u00bb0.3&Prime; gradient_direction=\u00a0\u00bbleft_to_right\u00a0\u00bb shape_divider_position=\u00a0\u00bbbottom\u00a0\u00bb bg_image_animation=\u00a0\u00bbnone\u00a0\u00bb gradient_type=\u00a0\u00bbdefault\u00a0\u00bb shape_type=\u00a0\u00bb\u00a0\u00bb][vc_column column_padding=\u00a0\u00bbno-extra-padding\u00a0\u00bb column_padding_tablet=\u00a0\u00bbinherit\u00a0\u00bb&#8230;<\/p>\n","protected":false},"author":1,"featured_media":0,"parent":0,"menu_order":0,"comment_status":"closed","ping_status":"closed","template":"","meta":{"footnotes":""},"class_list":["post-2005","page","type-page","status-publish"],"yoast_head":"<!-- This site is optimized with the Yoast SEO plugin v25.7 - https:\/\/yoast.com\/wordpress\/plugins\/seo\/ -->\n<title>Nobazul - Merci<\/title>\n<meta name=\"description\" content=\"Merci beaucoup de nous avoir contact\u00e9s. Nous r\u00e9pondrons \u00e0 votre message dans les plus brefs d\u00e9lais.\" \/>\n<meta name=\"robots\" content=\"index, follow, max-snippet:-1, max-image-preview:large, max-video-preview:-1\" \/>\n<link rel=\"canonical\" href=\"https:\/\/nobazul.com\/fr\/merci\/\" \/>\n<meta property=\"og:locale\" content=\"fr_FR\" \/>\n<meta property=\"og:type\" content=\"article\" \/>\n<meta property=\"og:title\" content=\"Nobazul - Merci\" \/>\n<meta property=\"og:description\" content=\"Merci beaucoup de nous avoir contact\u00e9s. Nous r\u00e9pondrons \u00e0 votre message dans les plus brefs d\u00e9lais.\" \/>\n<meta property=\"og:url\" content=\"https:\/\/nobazul.com\/fr\/merci\/\" \/>\n<meta property=\"og:site_name\" content=\"Nobazul\" \/>\n<meta property=\"article:publisher\" content=\"https:\/\/www.facebook.com\/nobazul\" \/>\n<meta property=\"article:modified_time\" content=\"2025-08-15T18:00:07+00:00\" \/>\n<meta name=\"twitter:card\" content=\"summary_large_image\" \/>\n<meta name=\"twitter:site\" content=\"@nobazul\" \/>\n<meta name=\"twitter:label1\" content=\"Dur\u00e9e de lecture estim\u00e9e\" \/>\n\t<meta name=\"twitter:data1\" content=\"1 minute\" \/>\n<script type=\"application\/ld+json\" class=\"yoast-schema-graph\">{\"@context\":\"https:\/\/schema.org\",\"@graph\":[{\"@type\":\"WebPage\",\"@id\":\"https:\/\/nobazul.com\/fr\/merci\/\",\"url\":\"https:\/\/nobazul.com\/fr\/merci\/\",\"name\":\"Nobazul - Merci\",\"isPartOf\":{\"@id\":\"https:\/\/nobazul.com\/fr\/#website\"},\"datePublished\":\"2022-11-29T19:38:23+00:00\",\"dateModified\":\"2025-08-15T18:00:07+00:00\",\"description\":\"Merci beaucoup de nous avoir contact\u00e9s. Nous r\u00e9pondrons \u00e0 votre message dans les plus brefs d\u00e9lais.\",\"breadcrumb\":{\"@id\":\"https:\/\/nobazul.com\/fr\/merci\/#breadcrumb\"},\"inLanguage\":\"fr-FR\",\"potentialAction\":[{\"@type\":\"ReadAction\",\"target\":[\"https:\/\/nobazul.com\/fr\/merci\/\"]}]},{\"@type\":\"BreadcrumbList\",\"@id\":\"https:\/\/nobazul.com\/fr\/merci\/#breadcrumb\",\"itemListElement\":[{\"@type\":\"ListItem\",\"position\":1,\"name\":\"Home\",\"item\":\"https:\/\/nobazul.com\/fr\/\"},{\"@type\":\"ListItem\",\"position\":2,\"name\":\"Merci\"}]},{\"@type\":\"WebSite\",\"@id\":\"https:\/\/nobazul.com\/fr\/#website\",\"url\":\"https:\/\/nobazul.com\/fr\/\",\"name\":\"Nobazul\",\"description\":\"Nutrition through Agave\",\"publisher\":{\"@id\":\"https:\/\/nobazul.com\/fr\/#organization\"},\"potentialAction\":[{\"@type\":\"SearchAction\",\"target\":{\"@type\":\"EntryPoint\",\"urlTemplate\":\"https:\/\/nobazul.com\/fr\/?s={search_term_string}\"},\"query-input\":{\"@type\":\"PropertyValueSpecification\",\"valueRequired\":true,\"valueName\":\"search_term_string\"}}],\"inLanguage\":\"fr-FR\"},{\"@type\":\"Organization\",\"@id\":\"https:\/\/nobazul.com\/fr\/#organization\",\"name\":\"Nobazul\",\"alternateName\":\"Nobazul Nutrition through agave\",\"url\":\"https:\/\/nobazul.com\/fr\/\",\"logo\":{\"@type\":\"ImageObject\",\"inLanguage\":\"fr-FR\",\"@id\":\"https:\/\/nobazul.com\/fr\/#\/schema\/logo\/image\/\",\"url\":\"https:\/\/nobazul.com\/wp-content\/uploads\/2022\/11\/sm-logotipo.png\",\"contentUrl\":\"https:\/\/nobazul.com\/wp-content\/uploads\/2022\/11\/sm-logotipo.png\",\"width\":85,\"height\":85,\"caption\":\"Nobazul\"},\"image\":{\"@id\":\"https:\/\/nobazul.com\/fr\/#\/schema\/logo\/image\/\"},\"sameAs\":[\"https:\/\/www.facebook.com\/nobazul\",\"https:\/\/x.com\/nobazul\",\"https:\/\/www.instagram.com\/nobazulnutritionagave\/\",\"https:\/\/www.linkedin.com\/company\/nobazul\/\",\"https:\/\/www.youtube.com\/channel\/UCz07ellUReeakQnIolI-0zg\"]}]}<\/script>\n<!-- \/ Yoast SEO plugin. -->","yoast_head_json":{"title":"Nobazul - Merci","description":"Merci beaucoup de nous avoir contact\u00e9s. Nous r\u00e9pondrons \u00e0 votre message dans les plus brefs d\u00e9lais.","robots":{"index":"index","follow":"follow","max-snippet":"max-snippet:-1","max-image-preview":"max-image-preview:large","max-video-preview":"max-video-preview:-1"},"canonical":"https:\/\/nobazul.com\/fr\/merci\/","og_locale":"fr_FR","og_type":"article","og_title":"Nobazul - Merci","og_description":"Merci beaucoup de nous avoir contact\u00e9s. Nous r\u00e9pondrons \u00e0 votre message dans les plus brefs d\u00e9lais.","og_url":"https:\/\/nobazul.com\/fr\/merci\/","og_site_name":"Nobazul","article_publisher":"https:\/\/www.facebook.com\/nobazul","article_modified_time":"2025-08-15T18:00:07+00:00","twitter_card":"summary_large_image","twitter_site":"@nobazul","twitter_misc":{"Dur\u00e9e de lecture estim\u00e9e":"1 minute"},"schema":{"@context":"https:\/\/schema.org","@graph":[{"@type":"WebPage","@id":"https:\/\/nobazul.com\/fr\/merci\/","url":"https:\/\/nobazul.com\/fr\/merci\/","name":"Nobazul - Merci","isPartOf":{"@id":"https:\/\/nobazul.com\/fr\/#website"},"datePublished":"2022-11-29T19:38:23+00:00","dateModified":"2025-08-15T18:00:07+00:00","description":"Merci beaucoup de nous avoir contact\u00e9s. Nous r\u00e9pondrons \u00e0 votre message dans les plus brefs d\u00e9lais.","breadcrumb":{"@id":"https:\/\/nobazul.com\/fr\/merci\/#breadcrumb"},"inLanguage":"fr-FR","potentialAction":[{"@type":"ReadAction","target":["https:\/\/nobazul.com\/fr\/merci\/"]}]},{"@type":"BreadcrumbList","@id":"https:\/\/nobazul.com\/fr\/merci\/#breadcrumb","itemListElement":[{"@type":"ListItem","position":1,"name":"Home","item":"https:\/\/nobazul.com\/fr\/"},{"@type":"ListItem","position":2,"name":"Merci"}]},{"@type":"WebSite","@id":"https:\/\/nobazul.com\/fr\/#website","url":"https:\/\/nobazul.com\/fr\/","name":"Nobazul","description":"Nutrition through Agave","publisher":{"@id":"https:\/\/nobazul.com\/fr\/#organization"},"potentialAction":[{"@type":"SearchAction","target":{"@type":"EntryPoint","urlTemplate":"https:\/\/nobazul.com\/fr\/?s={search_term_string}"},"query-input":{"@type":"PropertyValueSpecification","valueRequired":true,"valueName":"search_term_string"}}],"inLanguage":"fr-FR"},{"@type":"Organization","@id":"https:\/\/nobazul.com\/fr\/#organization","name":"Nobazul","alternateName":"Nobazul Nutrition through agave","url":"https:\/\/nobazul.com\/fr\/","logo":{"@type":"ImageObject","inLanguage":"fr-FR","@id":"https:\/\/nobazul.com\/fr\/#\/schema\/logo\/image\/","url":"https:\/\/nobazul.com\/wp-content\/uploads\/2022\/11\/sm-logotipo.png","contentUrl":"https:\/\/nobazul.com\/wp-content\/uploads\/2022\/11\/sm-logotipo.png","width":85,"height":85,"caption":"Nobazul"},"image":{"@id":"https:\/\/nobazul.com\/fr\/#\/schema\/logo\/image\/"},"sameAs":["https:\/\/www.facebook.com\/nobazul","https:\/\/x.com\/nobazul","https:\/\/www.instagram.com\/nobazulnutritionagave\/","https:\/\/www.linkedin.com\/company\/nobazul\/","https:\/\/www.youtube.com\/channel\/UCz07ellUReeakQnIolI-0zg"]}]}},"_links":{"self":[{"href":"https:\/\/nobazul.com\/fr\/wp-json\/wp\/v2\/pages\/2005","targetHints":{"allow":["GET"]}}],"collection":[{"href":"https:\/\/nobazul.com\/fr\/wp-json\/wp\/v2\/pages"}],"about":[{"href":"https:\/\/nobazul.com\/fr\/wp-json\/wp\/v2\/types\/page"}],"author":[{"embeddable":true,"href":"https:\/\/nobazul.com\/fr\/wp-json\/wp\/v2\/users\/1"}],"replies":[{"embeddable":true,"href":"https:\/\/nobazul.com\/fr\/wp-json\/wp\/v2\/comments?post=2005"}],"version-history":[{"count":24,"href":"https:\/\/nobazul.com\/fr\/wp-json\/wp\/v2\/pages\/2005\/revisions"}],"predecessor-version":[{"id":5394,"href":"https:\/\/nobazul.com\/fr\/wp-json\/wp\/v2\/pages\/2005\/revisions\/5394"}],"wp:attachment":[{"href":"https:\/\/nobazul.com\/fr\/wp-json\/wp\/v2\/media?parent=2005"}],"curies":[{"name":"wp","href":"https:\/\/api.w.org\/{rel}","templated":true}]}}