{"id":4914,"date":"2025-08-02T20:47:34","date_gmt":"2025-08-03T01:47:34","guid":{"rendered":"https:\/\/nobazul.com\/preguntas-frecuentes\/"},"modified":"2025-08-15T11:27:13","modified_gmt":"2025-08-15T16:27:13","slug":"preguntas-frecuentes","status":"publish","type":"page","link":"https:\/\/nobazul.com\/es\/preguntas-frecuentes\/","title":{"rendered":"Preguntas Frecuentes"},"content":{"rendered":"[vc_row type=\u00bbfull_width_background\u00bb full_screen_row_position=\u00bbmiddle\u00bb column_margin=\u00bbdefault\u00bb column_direction=\u00bbdefault\u00bb column_direction_tablet=\u00bbdefault\u00bb column_direction_phone=\u00bbdefault\u00bb bg_color=\u00bb#ffffff\u00bb bg_image=\u00bb4901&#8243; bg_position=\u00bbcenter bottom\u00bb background_image_loading=\u00bbdefault\u00bb bg_repeat=\u00bbno-repeat\u00bb scene_position=\u00bbcenter\u00bb text_color=\u00bbdark\u00bb text_align=\u00bbleft\u00bb row_border_radius=\u00bbnone\u00bb row_border_radius_applies=\u00bbbg\u00bb overflow=\u00bbvisible\u00bb class=\u00bbcontacto-faq\u00bb overlay_strength=\u00bb0.3&#8243; gradient_direction=\u00bbleft_to_right\u00bb shape_divider_position=\u00bbbottom\u00bb bg_image_animation=\u00bbnone\u00bb gradient_type=\u00bbdefault\u00bb shape_type=\u00bb\u00bb][vc_column column_padding=\u00bbno-extra-padding\u00bb column_padding_tablet=\u00bbinherit\u00bb column_padding_phone=\u00bbinherit\u00bb column_padding_position=\u00bball\u00bb column_element_direction_desktop=\u00bbdefault\u00bb column_element_spacing=\u00bbdefault\u00bb desktop_text_alignment=\u00bbdefault\u00bb tablet_text_alignment=\u00bbdefault\u00bb phone_text_alignment=\u00bbdefault\u00bb background_color_opacity=\u00bb1&#8243; background_hover_color_opacity=\u00bb1&#8243; column_backdrop_filter=\u00bbnone\u00bb column_shadow=\u00bbnone\u00bb column_border_radius=\u00bbnone\u00bb column_link_target=\u00bb_self\u00bb column_position=\u00bbdefault\u00bb gradient_direction=\u00bbleft_to_right\u00bb overlay_strength=\u00bb0.3&#8243; width=\u00bb1\/1&#8243; tablet_width_inherit=\u00bbdefault\u00bb animation_type=\u00bbdefault\u00bb bg_image_animation=\u00bbnone\u00bb border_type=\u00bbsimple\u00bb column_border_width=\u00bbnone\u00bb column_border_style=\u00bbsolid\u00bb][vc_column_text css=\u00bb\u00bb text_direction=\u00bbdefault\u00bb]\n<h1>Preguntas<br \/>\n<strong>Frecuentes<\/strong><\/h1>\n[\/vc_column_text][\/vc_column][\/vc_row][vc_row type=\u00bbin_container\u00bb full_screen_row_position=\u00bbmiddle\u00bb column_margin=\u00bbdefault\u00bb column_direction=\u00bbdefault\u00bb column_direction_tablet=\u00bbdefault\u00bb column_direction_phone=\u00bbdefault\u00bb scene_position=\u00bbcenter\u00bb text_color=\u00bbdark\u00bb text_align=\u00bbleft\u00bb row_border_radius=\u00bbnone\u00bb row_border_radius_applies=\u00bbbg\u00bb overflow=\u00bbvisible\u00bb class=\u00bbmenu-faq\u00bb overlay_strength=\u00bb0.3&#8243; gradient_direction=\u00bbleft_to_right\u00bb shape_divider_position=\u00bbbottom\u00bb bg_image_animation=\u00bbnone\u00bb gradient_type=\u00bbdefault\u00bb shape_type=\u00bb\u00bb][vc_column column_padding=\u00bbno-extra-padding\u00bb column_padding_tablet=\u00bbinherit\u00bb column_padding_phone=\u00bbinherit\u00bb column_padding_position=\u00bball\u00bb column_element_direction_desktop=\u00bbdefault\u00bb column_element_spacing=\u00bbdefault\u00bb desktop_text_alignment=\u00bbdefault\u00bb tablet_text_alignment=\u00bbdefault\u00bb phone_text_alignment=\u00bbdefault\u00bb background_color_opacity=\u00bb1&#8243; background_hover_color_opacity=\u00bb1&#8243; column_backdrop_filter=\u00bbnone\u00bb column_shadow=\u00bbnone\u00bb column_border_radius=\u00bbnone\u00bb column_link_target=\u00bb_self\u00bb column_position=\u00bbdefault\u00bb gradient_direction=\u00bbleft_to_right\u00bb overlay_strength=\u00bb0.3&#8243; width=\u00bb1\/1&#8243; tablet_width_inherit=\u00bbdefault\u00bb animation_type=\u00bbdefault\u00bb bg_image_animation=\u00bbnone\u00bb border_type=\u00bbsimple\u00bb column_border_width=\u00bbnone\u00bb column_border_style=\u00bbsolid\u00bb][toggles style=\u00bbminimal\u00bb accordion=\u00bbtrue\u00bb accordion_starting_functionality=\u00bbclosed\u00bb][toggle color=\u00bbDefault\u00bb heading_tag=\u00bbh2&#8243; heading_tag_functionality=\u00bbdefault\u00bb title=\u00bb1. \u00bfQu\u00e9 es el Jarabe de Agave Org\u00e1nico?\u00bb][vc_column_text css=\u00bb\u00bb text_direction=\u00bbltr\u00bb]Nuestro Jarabe de Agave es endulzante extra\u00eddo a trav\u00e9s de la hidr\u00f3lisis t\u00e9rmica de los fructanos de Agave Tequilana Weber variedad Azul. Es el sustituto ideal para endulzar alimentos y bebidas al intensificar sabores, adem\u00e1s de obtener beneficios como un bajo \u00edndice gluc\u00e9mico, endulzante vegano, libre de gluten y de f\u00e1cil metabolizaci\u00f3n.[\/vc_column_text][vc_column_text][\/vc_column_text][\/toggle][toggle color=\u00bbDefault\u00bb heading_tag=\u00bbh2&#8243; heading_tag_functionality=\u00bbdefault\u00bb title=\u00bb2. \u00bfCu\u00e1les son los usos y aplicaciones del Jarabe de Agave Org\u00e1nico?\u00bb][vc_column_text css=\u00bb\u00bb text_direction=\u00bbltr\u00bb]Por su gran solubilidad, el Jarabe de Agave funciona como sustituto de otros endulzantes y edulcorantes en todo tipo de recetas y f\u00f3rmulas. Es ideal para utilizarse como ingrediente en bebidas, c\u00f3cteles, salsas, mermeladas, barras, cereales, productos horneados, l\u00e1cteos, helados, confiter\u00eda, productos diet\u00e9ticos, vegetales procesados, cosm\u00e9tica y productos de belleza.[\/vc_column_text][vc_column_text][\/vc_column_text][\/toggle][toggle color=\u00bbDefault\u00bb heading_tag=\u00bbh2&#8243; heading_tag_functionality=\u00bbdefault\u00bb title=\u00bb3. \u00bfQu\u00e9 beneficios tiene el Jarabe de Agave Org\u00e1nico?\u00bb][vc_column_text css=\u00bb\u00bb text_direction=\u00bbltr\u00bb]Entre los principales beneficios del Jarabe de Agave Org\u00e1nico, encontramos su gran poder endulzante de bajo \u00edndice gluc\u00e9mico. La glucosa no se va al torrente sangu\u00edneo y en consecuencia no provoca la producci\u00f3n de insulina. Se adapta a diferentes h\u00e1bitos alimenticios dado que no contiene grasa, es libre de gluten y es apto para veganos por ser de origen 100% vegetal. [\/vc_column_text][vc_column_text][\/vc_column_text][\/toggle][toggle color=\u00bbDefault\u00bb heading_tag=\u00bbh2&#8243; heading_tag_functionality=\u00bbdefault\u00bb title=\u00bb4. \u00bfQu\u00e9 diferencia hay entre Jarabe de Agave, miel de agave y n\u00e9ctar de agave?\u00bb][vc_column_text css=\u00bb\u00bb text_direction=\u00bbltr\u00bb]Por normatividad, su nombre correcto es Jarabe de Agave, aunque tambi\u00e9n se le conoce miel de agave, n\u00e9ctar de agave o sirope de agave. El uso de estos t\u00e9rminos var\u00eda dependiendo del enfoque comercial, cultural o regional. [\/vc_column_text][vc_column_text][\/vc_column_text][\/toggle][toggle color=\u00bbDefault\u00bb heading_tag=\u00bbh2&#8243; heading_tag_functionality=\u00bbdefault\u00bb title=\u00bb5. \u00bfDe d\u00f3nde proviene el Jarabe de Agave Org\u00e1nico?\u00bb][vc_column_text css=\u00bb\u00bb text_direction=\u00bbltr\u00bb]Nuestro Jarabe se elabora 100% con Agave Tequilana Weber variedad Azul, esta planta cuyo nombre significa \u201cnoble o admirable\u201d pertenece a la familia de las Agav\u00e1ceas, ahora subfamilias Agavoideae, es de hojas carnosas, r\u00edgidas con espinas y de color azul-verdoso. Pacientemente, esperamos hasta que nuestros Agaves maduren, despu\u00e9s el jimador remueve las hojas hasta llegar al coraz\u00f3n del Agave. Una vez jimado, se muele para obtener el jugo de la planta el cual pasa por un proceso de hidr\u00f3lisis t\u00e9rmica y posteriormente, a trav\u00e9s de la evaporaci\u00f3n obtenemos nuestro Jarabe Org\u00e1nico. PREGUNTAS FRECUENTES [\/vc_column_text][vc_column_text][\/vc_column_text][\/toggle][toggle color=\u00bbDefault\u00bb heading_tag=\u00bbh2&#8243; heading_tag_functionality=\u00bbdefault\u00bb title=\u00bb6. \u00bfEl Jarabe de Agave Org\u00e1nico tiene alcohol?\u00bb][vc_column_text css=\u00bb\u00bb text_direction=\u00bbltr\u00bb]No, los procesos son diferentes al de producci\u00f3n de Tequila, adem\u00e1s, el Jarabe no pasa por un proceso de fermentaci\u00f3n. [\/vc_column_text][vc_column_text][\/vc_column_text][\/toggle][toggle color=\u00bbDefault\u00bb heading_tag=\u00bbh2&#8243; heading_tag_functionality=\u00bbdefault\u00bb title=\u00bb7. \u00bfQu\u00e9 tan dulce es el Jarabe de Agave Org\u00e1nico?\u00bb][vc_column_text css=\u00bb\u00bb text_direction=\u00bbltr\u00bb]Gracias a su alto contenido de fructosa, el Jarabe de Agave es un endulzante 100% natural y endulza 30% m\u00e1s que el az\u00facar de mesa. [\/vc_column_text][vc_column_text][\/vc_column_text][\/toggle][toggle color=\u00bbDefault\u00bb heading_tag=\u00bbh2&#8243; heading_tag_functionality=\u00bbdefault\u00bb title=\u00bb8. \u00bfEl Jarabe de Agave Org\u00e1nico se debe refrigerar?\u00bb][vc_column_text css=\u00bb\u00bb text_direction=\u00bbltr\u00bb]El Jarabe de Agave puede estar sin refrigerarse. Se recomienda almacenarlo en un lugar fresco, seco y libre de la luz directa del sol. [\/vc_column_text][vc_column_text][\/vc_column_text][\/toggle][toggle color=\u00bbDefault\u00bb heading_tag=\u00bbh2&#8243; heading_tag_functionality=\u00bbdefault\u00bb title=\u00bb9. \u00bfCu\u00e1l es la vida \u00fatil del Jarabe de Agave Org\u00e1nico?\u00bb][vc_column_text css=\u00bb\u00bb text_direction=\u00bbltr\u00bb]La vida \u00fatil del Jarabe de Agave es de 24 meses, siempre y cuando se mantenga en condiciones adecuadas y con un manejo correcto. [\/vc_column_text][vc_column_text][\/vc_column_text][\/toggle][toggle color=\u00bbDefault\u00bb heading_tag=\u00bbh2&#8243; heading_tag_functionality=\u00bbdefault\u00bb title=\u00bb10. \u00bfPor qu\u00e9 hay varios colores de Jarabe de Agave Org\u00e1nico?\u00bb][vc_column_text css=\u00bb\u00bb text_direction=\u00bbltr\u00bb]El Jarabe de Agave Org\u00e1nico viene en una variedad de colores para adaptarse a diversos usos y aplicaciones. Esta colorimetr\u00eda se determina en el proceso de cocimiento del jugo. [\/vc_column_text][vc_column_text][\/vc_column_text][\/toggle][toggle color=\u00bbDefault\u00bb heading_tag=\u00bbh2&#8243; heading_tag_functionality=\u00bbdefault\u00bb title=\u00bb11. \u00bfCambia el sabor del Jarabe de Agave Org\u00e1nico seg\u00fan el color?\u00bb][vc_column_text css=\u00bb\u00bb text_direction=\u00bbltr\u00bb]No, el Jarabe de Agave Org\u00e1nico en cualquiera de sus colorimetr\u00edas tiene el mismo sabor y la misma cantidad de fructosa, que es la que proporciona el sabor, por lo tanto, el nivel de dulzor es el mismo; est\u00e1 comprobado que el color influye en la percepci\u00f3n del sabor. [\/vc_column_text][vc_column_text][\/vc_column_text][\/toggle][toggle color=\u00bbDefault\u00bb heading_tag=\u00bbh2&#8243; heading_tag_functionality=\u00bbdefault\u00bb title=\u00bb12. \u00bfCu\u00e1ntos tipos de Jarabe de Agave tienen?\u00bb][vc_column_text css=\u00bb\u00bb text_direction=\u00bbltr\u00bb]<strong>\u2022 CL\u00c1SICO:<\/strong> Obtenido del jugo de Agave, que pasa por un proceso de hidr\u00f3lisis t\u00e9rmica y posteriormente es purificado y concentrado hasta obtener el Jarabe a 75 \u00b0Bx.<\/p>\n<p><strong>\u2022 RAW:<\/strong> Elaborado a temperaturas de entre 50 \u00b0C \u2013 60 \u00b0C para conservar la mayor cantidad de caracter\u00edsticas del Agave.<\/p>\n<p><strong>\u2022 ULTRA: <\/strong>Elaborado a trav\u00e9s de la hidr\u00f3lisis t\u00e9rmica parcial, a fin de mantener un balance entre el sabor del Jarabe y la funcionalidad de la fibra.<\/p>\n<p><strong>\u2022 SABORIZADO:<\/strong> Preparado a base de Jarabe de Agave Org\u00e1nico y saborizado con ingredientes naturales[\/vc_column_text][vc_column_text][\/vc_column_text][\/toggle][toggle color=\u00bbDefault\u00bb heading_tag=\u00bbh2&#8243; heading_tag_functionality=\u00bbdefault\u00bb title=\u00bb13. \u00bfCu\u00e1ntas calor\u00edas tiene el Jarabe de Agave Org\u00e1nico?\u00bb][vc_column_text css=\u00bb\u00bb text_direction=\u00bbltr\u00bb]Nuestros Jarabes de Agave Org\u00e1nico aportan en promedio 320 calor\u00edas por 100 gramos. nobazul.com [\/vc_column_text][vc_column_text][\/vc_column_text][\/toggle][toggle color=\u00bbDefault\u00bb heading_tag=\u00bbh2&#8243; heading_tag_functionality=\u00bbdefault\u00bb title=\u00bb14. \u00bfQu\u00e9 diferencia hay entre el Jarabe de Agave y la Inulina de Agave?\u00bb][vc_column_text css=\u00bb\u00bb text_direction=\u00bbltr\u00bb]Ambos son org\u00e1nicos y naturales, su diferencia radica en que el Jarabe de Agave es un endulzante y la Inulina de Agave (Fructanos) es una fibra de efecto prebi\u00f3tico, y no endulza. [\/vc_column_text][vc_column_text][\/vc_column_text][\/toggle][toggle color=\u00bbDefault\u00bb heading_tag=\u00bbh2&#8243; heading_tag_functionality=\u00bbdefault\u00bb title=\u00bb15. \u00bfQu\u00e9 certificaciones tenemos?\u00bb][vc_column_text css=\u00bb\u00bb text_direction=\u00bbltr\u00bb]Contamos con distintas certificaciones tanto nacionales como internacionales. En seguridad alimentaria contamos con la certificaci\u00f3n FSSC 22000, reconocida internacionalmente por garantizar la inocuidad en todas nuestras materias primas, procesos, empaques, almacenamiento, distribuci\u00f3n y transporte.<\/p>\n<p>Para garantizar la calidad y cualidad org\u00e1nica de nuestros Agaves y producto final, somos acreedores de las certificaciones Org\u00e1nico Sagarpa (M\u00e9xico), USDA Organic (Estados Unidos), Canadian Organic (Canad\u00e1), Org\u00e1nico Brasil (Brasil), Organic Europe (Europa), Naturland (Alemania), BioSuisse Organic (Suiza), MAFRA Korea Organic (Corea) y Japanese Agricultural Standard (Jap\u00f3n).<\/p>\n<p>El inter\u00e9s por ser responsables socialmente nos lleva a obtener la certificaci\u00f3n Vegan para avalar que no tenemos ning\u00fan ingrediente de origen animal. As\u00ed mismo, contamos con la certificaci\u00f3n Fair Trade TSA que regula el comercio justo y el desarrollo sustentable, y de igual forma SMETA la cual garantiza nuestro cumplimiento del c\u00f3digo \u201cEthical Trading Initiative\u201d y de las leyes locales.<\/p>\n<p>La certificaci\u00f3n Kosher avala que nuestros productos se elaboran siguiendo las normas jud\u00edas y la certificaci\u00f3n Halal regula que nuestro proceso cumpla la Normatividad Halal para los practicantes del islamismo al respetar el conjunto de pr\u00e1cticas amparadas en el Cor\u00e1n.<\/p>\n<p>La verificaci\u00f3n NON-GMO garantiza que nuestros productos no han sido modificados, ni manipulados gen\u00e9ticamente, son org\u00e1nicos y conservan todas sus cualidades y beneficios naturales. Nuestra certificaci\u00f3n comprende desde la siembra, el empaque y las Buenas Pr\u00e1cticas de Manufactura (BPM). Adem\u00e1s, contamos con el registro ante la Administraci\u00f3n de Alimentos y Medicamentos (FDA, por sus siglas en ingl\u00e9s) que avalan la inocuidad alimentaria de nuestras instalaciones y procesos.<\/p>\n<p>As\u00ed mismo, formamos parte de AMAGAVE, la cual representa la industria de Jarabes y fructanos de Agave y quien promociona las buenas pr\u00e1cticas de fabricaci\u00f3n, la responsabilidad social y el cumplimento de la NOM-002 y la NOM-003 relacionadas con las caracter\u00edsticas de salud, calidad y autenticidad de fructanos y Jarabe de Agave.[\/vc_column_text][vc_column_text][\/vc_column_text][\/toggle][toggle color=\u00bbDefault\u00bb heading_tag=\u00bbh2&#8243; heading_tag_functionality=\u00bbdefault\u00bb title=\u00bb16. \u00bfCon la nueva regulaci\u00f3n de etiquetado que oct\u00e1gono tiene el Jarabe de Agave?\u00bb][vc_column_text css=\u00bb\u00bb text_direction=\u00bbltr\u00bb]No, en la nueva regulaci\u00f3n, a nuestro Jarabe de Agave Cl\u00e1sico, Raw y Ultra no le aplica ning\u00fan oct\u00e1gono, gracias a que es 100% de Agave Azul, logrando ser un producto de un solo ingrediente, sin aditivos ni componentes adicionales.[\/vc_column_text][vc_column_text][\/vc_column_text][\/toggle][\/toggles][\/vc_column][\/vc_row]\n","protected":false},"excerpt":{"rendered":"<p>[vc_row type=\u00bbfull_width_background\u00bb full_screen_row_position=\u00bbmiddle\u00bb column_margin=\u00bbdefault\u00bb column_direction=\u00bbdefault\u00bb column_direction_tablet=\u00bbdefault\u00bb column_direction_phone=\u00bbdefault\u00bb bg_color=\u00bb#ffffff\u00bb bg_image=\u00bb4901&#8243; bg_position=\u00bbcenter bottom\u00bb background_image_loading=\u00bbdefault\u00bb bg_repeat=\u00bbno-repeat\u00bb scene_position=\u00bbcenter\u00bb text_color=\u00bbdark\u00bb text_align=\u00bbleft\u00bb row_border_radius=\u00bbnone\u00bb row_border_radius_applies=\u00bbbg\u00bb overflow=\u00bbvisible\u00bb class=\u00bbcontacto-faq\u00bb overlay_strength=\u00bb0.3&#8243; gradient_direction=\u00bbleft_to_right\u00bb shape_divider_position=\u00bbbottom\u00bb bg_image_animation=\u00bbnone\u00bb gradient_type=\u00bbdefault\u00bb shape_type=\u00bb\u00bb][vc_column column_padding=\u00bbno-extra-padding\u00bb column_padding_tablet=\u00bbinherit\u00bb column_padding_phone=\u00bbinherit\u00bb column_padding_position=\u00bball\u00bb&#8230;<\/p>\n","protected":false},"author":2,"featured_media":0,"parent":0,"menu_order":0,"comment_status":"closed","ping_status":"closed","template":"","meta":{"footnotes":""},"class_list":["post-4914","page","type-page","status-publish"],"yoast_head":"<!-- This site is optimized with the Yoast SEO plugin v25.7 - https:\/\/yoast.com\/wordpress\/plugins\/seo\/ -->\n<title>Nobazul - Preguntas Frecuentes.<\/title>\n<meta name=\"description\" content=\"Preguntas Frecuentes sobre el jarabe de agave Nobazul: tipos, usos, certificaciones, conservaci\u00f3n y beneficios para la salud.\" \/>\n<meta name=\"robots\" content=\"index, follow, max-snippet:-1, max-image-preview:large, max-video-preview:-1\" \/>\n<link rel=\"canonical\" href=\"https:\/\/nobazul.com\/es\/preguntas-frecuentes\/\" \/>\n<meta property=\"og:locale\" content=\"es_ES\" \/>\n<meta property=\"og:type\" content=\"article\" \/>\n<meta property=\"og:title\" content=\"Nobazul - Preguntas Frecuentes.\" \/>\n<meta property=\"og:description\" content=\"Preguntas Frecuentes sobre el jarabe de agave Nobazul: tipos, usos, certificaciones, conservaci\u00f3n y beneficios para la salud.\" \/>\n<meta property=\"og:url\" content=\"https:\/\/nobazul.com\/es\/preguntas-frecuentes\/\" \/>\n<meta property=\"og:site_name\" content=\"Nobazul\" \/>\n<meta property=\"article:publisher\" content=\"https:\/\/www.facebook.com\/nobazul\" \/>\n<meta property=\"article:modified_time\" content=\"2025-08-15T16:27:13+00:00\" \/>\n<meta name=\"twitter:card\" content=\"summary_large_image\" \/>\n<meta name=\"twitter:site\" content=\"@nobazul\" \/>\n<meta name=\"twitter:label1\" content=\"Tiempo de lectura\" \/>\n\t<meta name=\"twitter:data1\" content=\"5 minutos\" \/>\n<script type=\"application\/ld+json\" class=\"yoast-schema-graph\">{\"@context\":\"https:\/\/schema.org\",\"@graph\":[{\"@type\":\"WebPage\",\"@id\":\"https:\/\/nobazul.com\/es\/preguntas-frecuentes\/\",\"url\":\"https:\/\/nobazul.com\/es\/preguntas-frecuentes\/\",\"name\":\"Nobazul - Preguntas Frecuentes.\",\"isPartOf\":{\"@id\":\"https:\/\/nobazul.com\/es\/#website\"},\"datePublished\":\"2025-08-03T01:47:34+00:00\",\"dateModified\":\"2025-08-15T16:27:13+00:00\",\"description\":\"Preguntas Frecuentes sobre el jarabe de agave Nobazul: tipos, usos, certificaciones, conservaci\u00f3n y beneficios para la salud.\",\"breadcrumb\":{\"@id\":\"https:\/\/nobazul.com\/es\/preguntas-frecuentes\/#breadcrumb\"},\"inLanguage\":\"es\",\"potentialAction\":[{\"@type\":\"ReadAction\",\"target\":[\"https:\/\/nobazul.com\/es\/preguntas-frecuentes\/\"]}]},{\"@type\":\"BreadcrumbList\",\"@id\":\"https:\/\/nobazul.com\/es\/preguntas-frecuentes\/#breadcrumb\",\"itemListElement\":[{\"@type\":\"ListItem\",\"position\":1,\"name\":\"Home\",\"item\":\"https:\/\/nobazul.com\/es\/\"},{\"@type\":\"ListItem\",\"position\":2,\"name\":\"Preguntas Frecuentes\"}]},{\"@type\":\"WebSite\",\"@id\":\"https:\/\/nobazul.com\/es\/#website\",\"url\":\"https:\/\/nobazul.com\/es\/\",\"name\":\"Nobazul\",\"description\":\"Nutrition through Agave\",\"publisher\":{\"@id\":\"https:\/\/nobazul.com\/es\/#organization\"},\"potentialAction\":[{\"@type\":\"SearchAction\",\"target\":{\"@type\":\"EntryPoint\",\"urlTemplate\":\"https:\/\/nobazul.com\/es\/?s={search_term_string}\"},\"query-input\":{\"@type\":\"PropertyValueSpecification\",\"valueRequired\":true,\"valueName\":\"search_term_string\"}}],\"inLanguage\":\"es\"},{\"@type\":\"Organization\",\"@id\":\"https:\/\/nobazul.com\/es\/#organization\",\"name\":\"Nobazul\",\"alternateName\":\"Nobazul Nutrition through agave\",\"url\":\"https:\/\/nobazul.com\/es\/\",\"logo\":{\"@type\":\"ImageObject\",\"inLanguage\":\"es\",\"@id\":\"https:\/\/nobazul.com\/es\/#\/schema\/logo\/image\/\",\"url\":\"https:\/\/nobazul.com\/wp-content\/uploads\/2022\/11\/sm-logotipo.png\",\"contentUrl\":\"https:\/\/nobazul.com\/wp-content\/uploads\/2022\/11\/sm-logotipo.png\",\"width\":85,\"height\":85,\"caption\":\"Nobazul\"},\"image\":{\"@id\":\"https:\/\/nobazul.com\/es\/#\/schema\/logo\/image\/\"},\"sameAs\":[\"https:\/\/www.facebook.com\/nobazul\",\"https:\/\/x.com\/nobazul\",\"https:\/\/www.instagram.com\/nobazulnutritionagave\/\",\"https:\/\/www.linkedin.com\/company\/nobazul\/\",\"https:\/\/www.youtube.com\/channel\/UCz07ellUReeakQnIolI-0zg\"]}]}<\/script>\n<!-- \/ Yoast SEO plugin. -->","yoast_head_json":{"title":"Nobazul - Preguntas Frecuentes.","description":"Preguntas Frecuentes sobre el jarabe de agave Nobazul: tipos, usos, certificaciones, conservaci\u00f3n y beneficios para la salud.","robots":{"index":"index","follow":"follow","max-snippet":"max-snippet:-1","max-image-preview":"max-image-preview:large","max-video-preview":"max-video-preview:-1"},"canonical":"https:\/\/nobazul.com\/es\/preguntas-frecuentes\/","og_locale":"es_ES","og_type":"article","og_title":"Nobazul - Preguntas Frecuentes.","og_description":"Preguntas Frecuentes sobre el jarabe de agave Nobazul: tipos, usos, certificaciones, conservaci\u00f3n y beneficios para la salud.","og_url":"https:\/\/nobazul.com\/es\/preguntas-frecuentes\/","og_site_name":"Nobazul","article_publisher":"https:\/\/www.facebook.com\/nobazul","article_modified_time":"2025-08-15T16:27:13+00:00","twitter_card":"summary_large_image","twitter_site":"@nobazul","twitter_misc":{"Tiempo de lectura":"5 minutos"},"schema":{"@context":"https:\/\/schema.org","@graph":[{"@type":"WebPage","@id":"https:\/\/nobazul.com\/es\/preguntas-frecuentes\/","url":"https:\/\/nobazul.com\/es\/preguntas-frecuentes\/","name":"Nobazul - Preguntas Frecuentes.","isPartOf":{"@id":"https:\/\/nobazul.com\/es\/#website"},"datePublished":"2025-08-03T01:47:34+00:00","dateModified":"2025-08-15T16:27:13+00:00","description":"Preguntas Frecuentes sobre el jarabe de agave Nobazul: tipos, usos, certificaciones, conservaci\u00f3n y beneficios para la salud.","breadcrumb":{"@id":"https:\/\/nobazul.com\/es\/preguntas-frecuentes\/#breadcrumb"},"inLanguage":"es","potentialAction":[{"@type":"ReadAction","target":["https:\/\/nobazul.com\/es\/preguntas-frecuentes\/"]}]},{"@type":"BreadcrumbList","@id":"https:\/\/nobazul.com\/es\/preguntas-frecuentes\/#breadcrumb","itemListElement":[{"@type":"ListItem","position":1,"name":"Home","item":"https:\/\/nobazul.com\/es\/"},{"@type":"ListItem","position":2,"name":"Preguntas Frecuentes"}]},{"@type":"WebSite","@id":"https:\/\/nobazul.com\/es\/#website","url":"https:\/\/nobazul.com\/es\/","name":"Nobazul","description":"Nutrition through Agave","publisher":{"@id":"https:\/\/nobazul.com\/es\/#organization"},"potentialAction":[{"@type":"SearchAction","target":{"@type":"EntryPoint","urlTemplate":"https:\/\/nobazul.com\/es\/?s={search_term_string}"},"query-input":{"@type":"PropertyValueSpecification","valueRequired":true,"valueName":"search_term_string"}}],"inLanguage":"es"},{"@type":"Organization","@id":"https:\/\/nobazul.com\/es\/#organization","name":"Nobazul","alternateName":"Nobazul Nutrition through agave","url":"https:\/\/nobazul.com\/es\/","logo":{"@type":"ImageObject","inLanguage":"es","@id":"https:\/\/nobazul.com\/es\/#\/schema\/logo\/image\/","url":"https:\/\/nobazul.com\/wp-content\/uploads\/2022\/11\/sm-logotipo.png","contentUrl":"https:\/\/nobazul.com\/wp-content\/uploads\/2022\/11\/sm-logotipo.png","width":85,"height":85,"caption":"Nobazul"},"image":{"@id":"https:\/\/nobazul.com\/es\/#\/schema\/logo\/image\/"},"sameAs":["https:\/\/www.facebook.com\/nobazul","https:\/\/x.com\/nobazul","https:\/\/www.instagram.com\/nobazulnutritionagave\/","https:\/\/www.linkedin.com\/company\/nobazul\/","https:\/\/www.youtube.com\/channel\/UCz07ellUReeakQnIolI-0zg"]}]}},"_links":{"self":[{"href":"https:\/\/nobazul.com\/es\/wp-json\/wp\/v2\/pages\/4914","targetHints":{"allow":["GET"]}}],"collection":[{"href":"https:\/\/nobazul.com\/es\/wp-json\/wp\/v2\/pages"}],"about":[{"href":"https:\/\/nobazul.com\/es\/wp-json\/wp\/v2\/types\/page"}],"author":[{"embeddable":true,"href":"https:\/\/nobazul.com\/es\/wp-json\/wp\/v2\/users\/2"}],"replies":[{"embeddable":true,"href":"https:\/\/nobazul.com\/es\/wp-json\/wp\/v2\/comments?post=4914"}],"version-history":[{"count":8,"href":"https:\/\/nobazul.com\/es\/wp-json\/wp\/v2\/pages\/4914\/revisions"}],"predecessor-version":[{"id":5370,"href":"https:\/\/nobazul.com\/es\/wp-json\/wp\/v2\/pages\/4914\/revisions\/5370"}],"wp:attachment":[{"href":"https:\/\/nobazul.com\/es\/wp-json\/wp\/v2\/media?parent=4914"}],"curies":[{"name":"wp","href":"https:\/\/api.w.org\/{rel}","templated":true}]}}