{"id":2006,"date":"2022-11-29T14:38:23","date_gmt":"2022-11-29T19:38:23","guid":{"rendered":"https:\/\/nobazul.com\/dankeschoen\/"},"modified":"2025-08-15T13:09:10","modified_gmt":"2025-08-15T18:09:10","slug":"dankeschoen","status":"publish","type":"page","link":"https:\/\/nobazul.com\/de\/dankeschoen\/","title":{"rendered":"Dankesch\u00f6n"},"content":{"rendered":"[vc_row type=&#8220;full_width_background&#8220; full_screen_row_position=&#8220;middle&#8220; column_margin=&#8220;default&#8220; equal_height=&#8220;yes&#8220; content_placement=&#8220;middle&#8220; column_direction=&#8220;default&#8220; column_direction_tablet=&#8220;default&#8220; column_direction_phone=&#8220;default&#8220; bg_image=&#8220;5375&#8243; bg_position=&#8220;right center&#8220; background_image_loading=&#8220;default&#8220; bg_repeat=&#8220;no-repeat&#8220; full_height=&#8220;yes&#8220; scene_position=&#8220;center&#8220; text_color=&#8220;dark&#8220; text_align=&#8220;left&#8220; row_border_radius=&#8220;none&#8220; row_border_radius_applies=&#8220;bg&#8220; overflow=&#8220;visible&#8220; class=&#8220;row-thanks&#8220; overlay_strength=&#8220;0.3&#8243; gradient_direction=&#8220;left_to_right&#8220; shape_divider_position=&#8220;bottom&#8220; bg_image_animation=&#8220;none&#8220; gradient_type=&#8220;default&#8220; shape_type=&#8220;&#8220;][vc_column column_padding=&#8220;no-extra-padding&#8220; column_padding_tablet=&#8220;inherit&#8220; column_padding_phone=&#8220;inherit&#8220; column_padding_position=&#8220;all&#8220; column_element_direction_desktop=&#8220;default&#8220; column_element_spacing=&#8220;default&#8220; desktop_text_alignment=&#8220;default&#8220; tablet_text_alignment=&#8220;default&#8220; phone_text_alignment=&#8220;default&#8220; background_color_opacity=&#8220;1&#8243; background_hover_color_opacity=&#8220;1&#8243; column_backdrop_filter=&#8220;none&#8220; column_shadow=&#8220;none&#8220; column_border_radius=&#8220;none&#8220; column_link_target=&#8220;_self&#8220; column_position=&#8220;default&#8220; gradient_direction=&#8220;left_to_right&#8220; overlay_strength=&#8220;0.3&#8243; width=&#8220;2\/3&#8243; tablet_width_inherit=&#8220;default&#8220; animation_type=&#8220;default&#8220; bg_image_animation=&#8220;none&#8220; border_type=&#8220;simple&#8220; column_border_width=&#8220;none&#8220; column_border_style=&#8220;solid&#8220;][vc_column_text]\n<h1>Verbreiten wir die Vorz\u00fcge der Agave weltweit!<\/h1>\n<p>Vielen Dank f\u00fcr Ihre Kontaktaufnahme; wir haben Ihre Anmeldung erfolgreich erhalten.<br \/>\nWir werden Ihrem Antrag in K\u00fcrze nachkommen.<\/p>\n<p>Vielen Dank f\u00fcr Ihr Interesse an unseren aus Agave gewonnenen Lebensmitteln.[\/vc_column_text][\/vc_column][vc_column column_padding=&#8220;no-extra-padding&#8220; column_padding_tablet=&#8220;inherit&#8220; column_padding_phone=&#8220;inherit&#8220; column_padding_position=&#8220;all&#8220; column_element_direction_desktop=&#8220;default&#8220; column_element_spacing=&#8220;default&#8220; desktop_text_alignment=&#8220;default&#8220; tablet_text_alignment=&#8220;default&#8220; phone_text_alignment=&#8220;default&#8220; background_color_opacity=&#8220;1&#8243; background_hover_color_opacity=&#8220;1&#8243; column_backdrop_filter=&#8220;none&#8220; column_shadow=&#8220;none&#8220; column_border_radius=&#8220;none&#8220; column_link_target=&#8220;_self&#8220; column_position=&#8220;default&#8220; gradient_direction=&#8220;left_to_right&#8220; overlay_strength=&#8220;0.3&#8243; width=&#8220;1\/3&#8243; tablet_width_inherit=&#8220;default&#8220; animation_type=&#8220;default&#8220; bg_image_animation=&#8220;none&#8220; border_type=&#8220;simple&#8220; column_border_width=&#8220;none&#8220; column_border_style=&#8220;solid&#8220;][\/vc_column][\/vc_row]\n","protected":false},"excerpt":{"rendered":"<p>[vc_row type=&#8220;full_width_background&#8220; full_screen_row_position=&#8220;middle&#8220; column_margin=&#8220;default&#8220; equal_height=&#8220;yes&#8220; content_placement=&#8220;middle&#8220; column_direction=&#8220;default&#8220; column_direction_tablet=&#8220;default&#8220; column_direction_phone=&#8220;default&#8220; bg_image=&#8220;5375&#8243; bg_position=&#8220;right center&#8220; background_image_loading=&#8220;default&#8220; bg_repeat=&#8220;no-repeat&#8220; full_height=&#8220;yes&#8220; scene_position=&#8220;center&#8220; text_color=&#8220;dark&#8220; text_align=&#8220;left&#8220; row_border_radius=&#8220;none&#8220; row_border_radius_applies=&#8220;bg&#8220; overflow=&#8220;visible&#8220; class=&#8220;row-thanks&#8220; overlay_strength=&#8220;0.3&#8243; gradient_direction=&#8220;left_to_right&#8220; shape_divider_position=&#8220;bottom&#8220; bg_image_animation=&#8220;none&#8220; gradient_type=&#8220;default&#8220; shape_type=&#8220;&#8220;][vc_column column_padding=&#8220;no-extra-padding&#8220; column_padding_tablet=&#8220;inherit&#8220;&#8230;<\/p>\n","protected":false},"author":1,"featured_media":0,"parent":0,"menu_order":0,"comment_status":"closed","ping_status":"closed","template":"","meta":{"footnotes":""},"class_list":["post-2006","page","type-page","status-publish"],"yoast_head":"<!-- This site is optimized with the Yoast SEO plugin v25.7 - https:\/\/yoast.com\/wordpress\/plugins\/seo\/ -->\n<title>Nobazul - Dankesch\u00f6n<\/title>\n<meta name=\"description\" content=\"Vielen Dank, dass Sie mit uns Kontakt aufgenommen haben. Wir werden uns so schnell wie m\u00f6glich um Ihre Nachricht k\u00fcmmern.\" \/>\n<meta name=\"robots\" content=\"index, follow, max-snippet:-1, max-image-preview:large, max-video-preview:-1\" \/>\n<link rel=\"canonical\" href=\"https:\/\/nobazul.com\/de\/dankeschoen\/\" \/>\n<meta property=\"og:locale\" content=\"de_DE\" \/>\n<meta property=\"og:type\" content=\"article\" \/>\n<meta property=\"og:title\" content=\"Nobazul - Dankesch\u00f6n\" \/>\n<meta property=\"og:description\" content=\"Vielen Dank, dass Sie mit uns Kontakt aufgenommen haben. Wir werden uns so schnell wie m\u00f6glich um Ihre Nachricht k\u00fcmmern.\" \/>\n<meta property=\"og:url\" content=\"https:\/\/nobazul.com\/de\/dankeschoen\/\" \/>\n<meta property=\"og:site_name\" content=\"Nobazul\" \/>\n<meta property=\"article:publisher\" content=\"https:\/\/www.facebook.com\/nobazul\" \/>\n<meta property=\"article:modified_time\" content=\"2025-08-15T18:09:10+00:00\" \/>\n<meta name=\"twitter:card\" content=\"summary_large_image\" \/>\n<meta name=\"twitter:site\" content=\"@nobazul\" \/>\n<meta name=\"twitter:label1\" content=\"Gesch\u00e4tzte Lesezeit\" \/>\n\t<meta name=\"twitter:data1\" content=\"1\u00a0Minute\" \/>\n<script type=\"application\/ld+json\" class=\"yoast-schema-graph\">{\"@context\":\"https:\/\/schema.org\",\"@graph\":[{\"@type\":\"WebPage\",\"@id\":\"https:\/\/nobazul.com\/de\/dankeschoen\/\",\"url\":\"https:\/\/nobazul.com\/de\/dankeschoen\/\",\"name\":\"Nobazul - Dankesch\u00f6n\",\"isPartOf\":{\"@id\":\"https:\/\/nobazul.com\/de\/#website\"},\"datePublished\":\"2022-11-29T19:38:23+00:00\",\"dateModified\":\"2025-08-15T18:09:10+00:00\",\"description\":\"Vielen Dank, dass Sie mit uns Kontakt aufgenommen haben. Wir werden uns so schnell wie m\u00f6glich um Ihre Nachricht k\u00fcmmern.\",\"breadcrumb\":{\"@id\":\"https:\/\/nobazul.com\/de\/dankeschoen\/#breadcrumb\"},\"inLanguage\":\"de\",\"potentialAction\":[{\"@type\":\"ReadAction\",\"target\":[\"https:\/\/nobazul.com\/de\/dankeschoen\/\"]}]},{\"@type\":\"BreadcrumbList\",\"@id\":\"https:\/\/nobazul.com\/de\/dankeschoen\/#breadcrumb\",\"itemListElement\":[{\"@type\":\"ListItem\",\"position\":1,\"name\":\"Home\",\"item\":\"https:\/\/nobazul.com\/de\/\"},{\"@type\":\"ListItem\",\"position\":2,\"name\":\"Dankesch\u00f6n\"}]},{\"@type\":\"WebSite\",\"@id\":\"https:\/\/nobazul.com\/de\/#website\",\"url\":\"https:\/\/nobazul.com\/de\/\",\"name\":\"Nobazul\",\"description\":\"Nutrition through Agave\",\"publisher\":{\"@id\":\"https:\/\/nobazul.com\/de\/#organization\"},\"potentialAction\":[{\"@type\":\"SearchAction\",\"target\":{\"@type\":\"EntryPoint\",\"urlTemplate\":\"https:\/\/nobazul.com\/de\/?s={search_term_string}\"},\"query-input\":{\"@type\":\"PropertyValueSpecification\",\"valueRequired\":true,\"valueName\":\"search_term_string\"}}],\"inLanguage\":\"de\"},{\"@type\":\"Organization\",\"@id\":\"https:\/\/nobazul.com\/de\/#organization\",\"name\":\"Nobazul\",\"alternateName\":\"Nobazul Nutrition through agave\",\"url\":\"https:\/\/nobazul.com\/de\/\",\"logo\":{\"@type\":\"ImageObject\",\"inLanguage\":\"de\",\"@id\":\"https:\/\/nobazul.com\/de\/#\/schema\/logo\/image\/\",\"url\":\"https:\/\/nobazul.com\/wp-content\/uploads\/2022\/11\/sm-logotipo.png\",\"contentUrl\":\"https:\/\/nobazul.com\/wp-content\/uploads\/2022\/11\/sm-logotipo.png\",\"width\":85,\"height\":85,\"caption\":\"Nobazul\"},\"image\":{\"@id\":\"https:\/\/nobazul.com\/de\/#\/schema\/logo\/image\/\"},\"sameAs\":[\"https:\/\/www.facebook.com\/nobazul\",\"https:\/\/x.com\/nobazul\",\"https:\/\/www.instagram.com\/nobazulnutritionagave\/\",\"https:\/\/www.linkedin.com\/company\/nobazul\/\",\"https:\/\/www.youtube.com\/channel\/UCz07ellUReeakQnIolI-0zg\"]}]}<\/script>\n<!-- \/ Yoast SEO plugin. -->","yoast_head_json":{"title":"Nobazul - Dankesch\u00f6n","description":"Vielen Dank, dass Sie mit uns Kontakt aufgenommen haben. Wir werden uns so schnell wie m\u00f6glich um Ihre Nachricht k\u00fcmmern.","robots":{"index":"index","follow":"follow","max-snippet":"max-snippet:-1","max-image-preview":"max-image-preview:large","max-video-preview":"max-video-preview:-1"},"canonical":"https:\/\/nobazul.com\/de\/dankeschoen\/","og_locale":"de_DE","og_type":"article","og_title":"Nobazul - Dankesch\u00f6n","og_description":"Vielen Dank, dass Sie mit uns Kontakt aufgenommen haben. Wir werden uns so schnell wie m\u00f6glich um Ihre Nachricht k\u00fcmmern.","og_url":"https:\/\/nobazul.com\/de\/dankeschoen\/","og_site_name":"Nobazul","article_publisher":"https:\/\/www.facebook.com\/nobazul","article_modified_time":"2025-08-15T18:09:10+00:00","twitter_card":"summary_large_image","twitter_site":"@nobazul","twitter_misc":{"Gesch\u00e4tzte Lesezeit":"1\u00a0Minute"},"schema":{"@context":"https:\/\/schema.org","@graph":[{"@type":"WebPage","@id":"https:\/\/nobazul.com\/de\/dankeschoen\/","url":"https:\/\/nobazul.com\/de\/dankeschoen\/","name":"Nobazul - Dankesch\u00f6n","isPartOf":{"@id":"https:\/\/nobazul.com\/de\/#website"},"datePublished":"2022-11-29T19:38:23+00:00","dateModified":"2025-08-15T18:09:10+00:00","description":"Vielen Dank, dass Sie mit uns Kontakt aufgenommen haben. Wir werden uns so schnell wie m\u00f6glich um Ihre Nachricht k\u00fcmmern.","breadcrumb":{"@id":"https:\/\/nobazul.com\/de\/dankeschoen\/#breadcrumb"},"inLanguage":"de","potentialAction":[{"@type":"ReadAction","target":["https:\/\/nobazul.com\/de\/dankeschoen\/"]}]},{"@type":"BreadcrumbList","@id":"https:\/\/nobazul.com\/de\/dankeschoen\/#breadcrumb","itemListElement":[{"@type":"ListItem","position":1,"name":"Home","item":"https:\/\/nobazul.com\/de\/"},{"@type":"ListItem","position":2,"name":"Dankesch\u00f6n"}]},{"@type":"WebSite","@id":"https:\/\/nobazul.com\/de\/#website","url":"https:\/\/nobazul.com\/de\/","name":"Nobazul","description":"Nutrition through Agave","publisher":{"@id":"https:\/\/nobazul.com\/de\/#organization"},"potentialAction":[{"@type":"SearchAction","target":{"@type":"EntryPoint","urlTemplate":"https:\/\/nobazul.com\/de\/?s={search_term_string}"},"query-input":{"@type":"PropertyValueSpecification","valueRequired":true,"valueName":"search_term_string"}}],"inLanguage":"de"},{"@type":"Organization","@id":"https:\/\/nobazul.com\/de\/#organization","name":"Nobazul","alternateName":"Nobazul Nutrition through agave","url":"https:\/\/nobazul.com\/de\/","logo":{"@type":"ImageObject","inLanguage":"de","@id":"https:\/\/nobazul.com\/de\/#\/schema\/logo\/image\/","url":"https:\/\/nobazul.com\/wp-content\/uploads\/2022\/11\/sm-logotipo.png","contentUrl":"https:\/\/nobazul.com\/wp-content\/uploads\/2022\/11\/sm-logotipo.png","width":85,"height":85,"caption":"Nobazul"},"image":{"@id":"https:\/\/nobazul.com\/de\/#\/schema\/logo\/image\/"},"sameAs":["https:\/\/www.facebook.com\/nobazul","https:\/\/x.com\/nobazul","https:\/\/www.instagram.com\/nobazulnutritionagave\/","https:\/\/www.linkedin.com\/company\/nobazul\/","https:\/\/www.youtube.com\/channel\/UCz07ellUReeakQnIolI-0zg"]}]}},"_links":{"self":[{"href":"https:\/\/nobazul.com\/de\/wp-json\/wp\/v2\/pages\/2006","targetHints":{"allow":["GET"]}}],"collection":[{"href":"https:\/\/nobazul.com\/de\/wp-json\/wp\/v2\/pages"}],"about":[{"href":"https:\/\/nobazul.com\/de\/wp-json\/wp\/v2\/types\/page"}],"author":[{"embeddable":true,"href":"https:\/\/nobazul.com\/de\/wp-json\/wp\/v2\/users\/1"}],"replies":[{"embeddable":true,"href":"https:\/\/nobazul.com\/de\/wp-json\/wp\/v2\/comments?post=2006"}],"version-history":[{"count":20,"href":"https:\/\/nobazul.com\/de\/wp-json\/wp\/v2\/pages\/2006\/revisions"}],"predecessor-version":[{"id":5401,"href":"https:\/\/nobazul.com\/de\/wp-json\/wp\/v2\/pages\/2006\/revisions\/5401"}],"wp:attachment":[{"href":"https:\/\/nobazul.com\/de\/wp-json\/wp\/v2\/media?parent=2006"}],"curies":[{"name":"wp","href":"https:\/\/api.w.org\/{rel}","templated":true}]}}